{"id":14,"date":"2025-12-23T12:34:38","date_gmt":"2025-12-23T12:34:38","guid":{"rendered":"http:\/\/turfdom.fr\/?page_id=14"},"modified":"2026-01-11T22:53:50","modified_gmt":"2026-01-11T22:53:50","slug":"__trashed","status":"publish","type":"page","link":"https:\/\/turfdom.fr\/","title":{"rendered":"BIENVENUE SUR LE SITE TURFDOM"},"content":{"rendered":"\n<p><\/p>\n\n\n\n<p>&nbsp;Gagner avec succ\u00e8s &nbsp;facilement aux &nbsp;pronostics turfdom aux courses pmu quint\u00e9s, trios, coupl\u00e9s jeux simples 2sur4 multi Plat, Trot, Obstacles.<\/p>\n\n\n\n<p>&nbsp;Emporter&nbsp; les pronostics avec vous&nbsp; ou que vous soyez et sans perdre de temps&nbsp; en analyse, gr\u00e2ce \u00e0 l\u2019application TurfDom.<\/p>\n\n\n\n<p>TurfDom vous&nbsp; propose&nbsp; une nouvelle fa\u00e7on de jouer aux courses.<\/p>\n\n\n\n<p>L\u2019objectif est de vous d\u00e9montrer que le site est s\u00fbr, \u00e9quitable et fiable, ce que vous v\u00e9rifierez par vous-m\u00eame. Sans pour cela&nbsp; vous ruinez.<\/p>\n\n\n\n<p>Je vous conseille de comparer les arriv\u00e9es avec les autres sites afin de juger&nbsp; par vous-m\u00eame de la fiabilit\u00e9 du site.<\/p>\n\n\n\n<p>Surtout n\u2019h\u00e9sitez pas \u00e0 comparer&nbsp; les cotes qui sont \u00e0 l\u2019arriv\u00e9e.<\/p>\n\n\n\n<p><strong>N\u2019oubliez surtout<\/strong><strong> pas&nbsp;:<\/strong><\/p>\n\n\n\n<ul class=\"wp-block-list\">\n<li><strong>que les pauvres veulent toujours devenir riches<\/strong><\/li>\n<\/ul>\n\n\n\n<p><strong>&nbsp;&nbsp;&nbsp;&nbsp;&nbsp;&nbsp;&nbsp;&nbsp;&nbsp;&nbsp;&nbsp;&nbsp; Les riches encore plus riches<\/strong><\/p>\n\n\n\n<p>Sachant que les courses de chevaux restent qu\u2019un jeu.<\/p>\n\n\n\n<p><strong>ATTENTION! LE MONDE DES COURSES N\u2019EST PAS UNE SECONDE <a><\/a>NATURE!<\/strong><br><strong>JOUER COMPORTE DES RISQUES:<\/strong><\/p>\n\n\n\n<p><strong>ISOLEMENT, D\u00c9PENDANCE, ENDETTEMENT, DANS CE TUNNEL\u2026<\/strong><br><br><strong>Appelez le 09 74 75 13 13<\/strong><\/p>\n\n\n\n<div class=\"wp-block-group alignfull is-layout-constrained wp-block-group-is-layout-constrained\" style=\"margin-top:0;margin-bottom:0\">\n<div class=\"wp-block-columns alignfull is-layout-flex wp-container-core-columns-is-layout-9c22b1e3 wp-block-columns-is-layout-flex\"><\/div>\n<\/div>\n\n\n\n<div class=\"wp-block-group alignfull is-layout-constrained wp-container-core-group-is-layout-54af5b55 wp-block-group-is-layout-constrained\" style=\"margin-top:0;margin-bottom:0;padding-top:var(--wp--preset--spacing--60);padding-bottom:var(--wp--preset--spacing--60)\">\n<h2 class=\"wp-block-heading alignwide has-text-align-center has-x-large-font-size\">Achetez votre exemplaire du livre \u00ab&nbsp;Histoires&nbsp;\u00bb<\/h2>\n\n\n\n<div class=\"wp-block-buttons alignwide has-custom-font-size has-medium-font-size is-content-justification-center is-layout-flex wp-container-core-buttons-is-layout-c124d1c4 wp-block-buttons-is-layout-flex\">\n<div class=\"wp-block-button\"><a class=\"wp-block-button__link wp-element-button\">accueil<\/a><\/div>\n\n\n\n<div class=\"wp-block-button\"><a class=\"wp-block-button__link wp-element-button\">infos courses<\/a><\/div>\n\n\n\n<div class=\"wp-block-button\"><a class=\"wp-block-button__link wp-element-button\">pronostics<\/a><\/div>\n\n\n\n<div class=\"wp-block-button\"><a class=\"wp-block-button__link wp-element-button\">r\u00e9sultats<\/a><\/div>\n\n\n\n<div class=\"wp-block-button\"><a class=\"wp-block-button__link wp-element-button\">m\u00e9thodes<\/a><\/div>\n\n\n\n<div class=\"wp-block-button\"><a class=\"wp-block-button__link wp-element-button\">a propos<\/a><\/div>\n\n\n\n<div class=\"wp-block-button\"><a class=\"wp-block-button__link wp-element-button\">vide<\/a><\/div>\n<\/div>\n\n\n\n<p class=\"has-text-align-center has-medium-font-size\">Hors d\u2019Europe&nbsp;? Voir les <a href=\"#\" rel=\"nofollow\">versions internationales<\/a>.<\/p>\n<\/div>\n\n\n\n<div class=\"wp-block-group alignfull is-layout-constrained wp-block-group-is-layout-constrained\" style=\"margin-top:0;margin-bottom:0;padding-top:var(--wp--preset--spacing--50);padding-bottom:var(--wp--preset--spacing--50)\">\n<div class=\"wp-block-columns alignwide is-layout-flex wp-container-core-columns-is-layout-fa584acd wp-block-columns-is-layout-flex\">\n<div class=\"wp-block-column is-vertically-aligned-center is-layout-flow wp-block-column-is-layout-flow\">\n<h2 class=\"wp-block-heading has-xx-large-font-size\">METHODES<\/h2>\n\n\n\n<p class=\"is-style-text-display has-medium-font-size\">Methode <\/p>\n\n\n\n<p><a><\/a> Aucune m\u00e9thode n\u2019est pas fiable \u00e0 100% mais c\u2019est \u00e0 vous de juger des r\u00e9sultats.<\/p>\n\n\n\n<p>Dans chaque course le nombre de chevaux donn\u00e9s dans le pronostic peut vari\u00e9 en fonction du nombres des partants. (fig. 01)<\/p>\n\n\n\n<figure class=\"wp-block-table\"><table class=\"has-fixed-layout\"><tbody><tr><td>Nombres de partants<\/td><td>Nombres donn\u00e9e<\/td><\/tr><tr><td>1 \u00e0 5<\/td><td>2<\/td><\/tr><tr><td>1 \u00e0 7<\/td><td>3<\/td><\/tr><tr><td>1\u00e0 8<\/td><td>4<\/td><\/tr><tr><td>1 \u00e0 20<\/td><td>4<\/td><\/tr><tr><td>Quint\u00e9 8<\/td><td>8<\/td><\/tr><\/tbody><\/table><\/figure>\n\n\n\n<p><strong>Fig. 01<\/strong><\/p>\n\n\n\n<p>C\u2019est \u00e0 vous de voir comment&nbsp;les mettre dans vos paris.<\/p>\n\n\n\n<p>Les joueurs av\u00e9r\u00e9s peuvent choisir un ou plusieurs num\u00e9ros donn\u00e9s, en faisant un champ total.<\/p>\n\n\n\n<p>&nbsp;<strong>Attention&nbsp;!<\/strong> Cette m\u00e9thode peut co\u00fbter ch\u00e8re,&nbsp; mais \u00e0 la fin de chaque r\u00e9union vous serrez gagnant.<\/p>\n\n\n\n<p>Pour le Quint\u00e9+ je propose un pronostic la veille de la course et un deuxi\u00e8me le jour de celle-ci.<\/p>\n\n\n\n<p>Avec ces deux pronostics vous ferez une synth\u00e8se afin d\u2019\u00e9tablir votre jeu d\u00e9finitif.<\/p>\n\n\n\n<p>Ainsi les jeux sont pr\u00e8s a l\u2019emploie.<\/p>\n\n\n\n<p class=\"has-medium-font-size\">Vous obtiendrez des rapports et r\u00e9sultats \u00e9tonnants que vous ne verrez nulle part sur le net et qu\u2019aucun pronostiqueur ne pourra les contredire.<br><br>Je vous laisse le soin de juger du r\u00e9sultat.<\/p>\n<\/div>\n\n\n\n<div class=\"wp-block-column is-vertically-aligned-center is-layout-flow wp-block-column-is-layout-flow\"><\/div>\n<\/div>\n<\/div>\n\n\n\n<div class=\"wp-block-group alignfull is-style-default is-layout-constrained wp-block-group-is-layout-constrained\" style=\"margin-top:0;margin-bottom:0;padding-top:var(--wp--preset--spacing--60);padding-bottom:var(--wp--preset--spacing--60)\">\n<div class=\"wp-block-columns alignwide is-layout-flex wp-container-core-columns-is-layout-6ef9061c wp-block-columns-is-layout-flex\">\n<div class=\"wp-block-column is-layout-flow wp-block-column-is-layout-flow\" style=\"flex-basis:60%\">\n<div class=\"wp-block-group is-vertical is-layout-flex wp-container-core-group-is-layout-913d5755 wp-block-group-is-layout-flex\" style=\"padding-bottom:var(--wp--preset--spacing--30)\">\n<h2 class=\"wp-block-heading\">\u00c9ditions internationales<\/h2>\n\n\n\n<p class=\"has-medium-font-size\">Le livre \u00ab&nbsp;Histoires&nbsp;\u00bb sera disponible chez ces d\u00e9taillants internationaux.<\/p>\n<\/div>\n<\/div>\n\n\n\n<div class=\"wp-block-column is-layout-flow wp-block-column-is-layout-flow\" style=\"flex-basis:40%\">\n<div class=\"wp-block-columns is-layout-flex wp-container-core-columns-is-layout-28f84493 wp-block-columns-is-layout-flex\">\n<div class=\"wp-block-column is-layout-flow wp-container-core-column-is-layout-5dafc681 wp-block-column-is-layout-flow\">\n<div class=\"wp-block-group is-content-justification-left is-layout-constrained wp-container-core-group-is-layout-3540e7cd wp-block-group-is-layout-constrained\">\n<h3 class=\"wp-block-heading has-large-font-size\" style=\"font-style:normal;font-weight:500\">Australie<\/h3>\n\n\n\n<p class=\"has-medium-font-size\"><a href=\"#\">Librairie<\/a><\/p>\n<\/div>\n\n\n\n<div class=\"wp-block-group is-content-justification-left is-layout-constrained wp-container-core-group-is-layout-0b710646 wp-block-group-is-layout-constrained\">\n<h3 class=\"wp-block-heading has-large-font-size\" style=\"font-style:normal;font-weight:500\">Br\u00e9sil<\/h3>\n\n\n\n<p class=\"has-medium-font-size\"><a href=\"#\">Librairie<\/a><\/p>\n<\/div>\n\n\n\n<div class=\"wp-block-group is-content-justification-left is-layout-constrained wp-container-core-group-is-layout-0b710646 wp-block-group-is-layout-constrained\">\n<h3 class=\"wp-block-heading has-large-font-size\" style=\"font-style:normal;font-weight:500\">Canada<\/h3>\n\n\n\n<p class=\"has-medium-font-size\"><a href=\"#\">Librairie<\/a><\/p>\n<\/div>\n\n\n\n<div class=\"wp-block-group is-content-justification-left is-layout-constrained wp-container-core-group-is-layout-0b710646 wp-block-group-is-layout-constrained\">\n<h3 class=\"wp-block-heading has-large-font-size\" style=\"font-style:normal;font-weight:500\">Japon<\/h3>\n\n\n\n<p class=\"has-medium-font-size\"><a href=\"#\">Librairie<\/a><\/p>\n<\/div>\n<\/div>\n\n\n\n<div class=\"wp-block-column is-layout-flow wp-container-core-column-is-layout-5dafc681 wp-block-column-is-layout-flow\">\n<div class=\"wp-block-group is-content-justification-left is-layout-constrained wp-container-core-group-is-layout-3540e7cd wp-block-group-is-layout-constrained\">\n<h3 class=\"wp-block-heading has-large-font-size\" style=\"font-style:normal;font-weight:500\">Nouvelle-Z\u00e9lande<\/h3>\n\n\n\n<p class=\"has-medium-font-size\"><a href=\"#\">Librairie<\/a><\/p>\n<\/div>\n\n\n\n<div class=\"wp-block-group is-content-justification-left is-layout-constrained wp-container-core-group-is-layout-0b710646 wp-block-group-is-layout-constrained\">\n<h3 class=\"wp-block-heading has-large-font-size\" style=\"font-style:normal;font-weight:500\">Suisse<\/h3>\n\n\n\n<p class=\"has-medium-font-size\"><a href=\"#\">Librairie<\/a><\/p>\n<\/div>\n\n\n\n<div class=\"wp-block-group is-content-justification-left is-layout-constrained wp-container-core-group-is-layout-0b710646 wp-block-group-is-layout-constrained\">\n<h3 class=\"wp-block-heading has-large-font-size\" style=\"font-style:normal;font-weight:500\">\u00c9tats-Unis<\/h3>\n\n\n\n<p class=\"has-medium-font-size\"><a href=\"#\">Librairie<\/a><\/p>\n<\/div>\n\n\n\n<div class=\"wp-block-group is-content-justification-left is-layout-constrained wp-container-core-group-is-layout-0b710646 wp-block-group-is-layout-constrained\">\n<h3 class=\"wp-block-heading has-large-font-size\" style=\"font-style:normal;font-weight:500\">Royaume-Uni<\/h3>\n\n\n\n<p class=\"has-medium-font-size\"><a href=\"#\">Librairie<\/a><\/p>\n<\/div>\n<\/div>\n<\/div>\n<\/div>\n<\/div>\n<\/div>\n\n\n\n<div class=\"wp-block-group alignfull is-layout-constrained wp-block-group-is-layout-constrained\" style=\"margin-top:0;margin-bottom:0\">\n<div class=\"wp-block-group alignwide is-layout-flow wp-container-core-group-is-layout-d58a0413 wp-block-group-is-layout-flow\" style=\"padding-top:var(--wp--preset--spacing--50);padding-bottom:var(--wp--preset--spacing--50)\">\n<h2 class=\"wp-block-heading has-x-large-font-size\">Foire aux questions<\/h2>\n\n\n\n<div class=\"wp-block-columns is-layout-flex wp-container-core-columns-is-layout-cbe57604 wp-block-columns-is-layout-flex\">\n<div class=\"wp-block-column is-layout-flow wp-block-column-is-layout-flow\">\n<div class=\"wp-block-group is-layout-flow wp-block-group-is-layout-flow\" style=\"border-top-color:var(--wp--preset--color--accent-6);border-top-width:1px;padding-top:var(--wp--preset--spacing--30);padding-bottom:var(--wp--preset--spacing--30)\">\n<h3 class=\"wp-block-heading\">De quoi parle le livre \u00ab&nbsp;Histoires&nbsp;\u00bb&nbsp;?<\/h3>\n\n\n\n<p>Cette magnifique compilation pr\u00e9sente un \u00e9ventail diversifi\u00e9 de photographies qui capturent l\u2019essence de diff\u00e9rentes \u00e9poques et cultures, refl\u00e9tant les styles et perspectives uniques de chaque artiste.<\/p>\n<\/div>\n<\/div>\n\n\n\n<div class=\"wp-block-column is-layout-flow wp-block-column-is-layout-flow\">\n<div class=\"wp-block-group is-layout-flow wp-block-group-is-layout-flow\" style=\"border-top-color:var(--wp--preset--color--accent-6);border-top-width:1px;padding-top:var(--wp--preset--spacing--30);padding-bottom:var(--wp--preset--spacing--30)\">\n<h3 class=\"wp-block-heading\">Combien le livre \u00ab&nbsp;Histoires&nbsp;\u00bb co\u00fbtera-t-il&nbsp;?<\/h3>\n\n\n\n<p>Cette magnifique compilation pr\u00e9sente un \u00e9ventail diversifi\u00e9 de photographies qui capturent l\u2019essence de diff\u00e9rentes \u00e9poques et cultures, refl\u00e9tant les styles et perspectives uniques de chaque artiste.<\/p>\n<\/div>\n<\/div>\n<\/div>\n\n\n\n<div class=\"wp-block-columns is-layout-flex wp-container-core-columns-is-layout-cbe57604 wp-block-columns-is-layout-flex\">\n<div class=\"wp-block-column is-layout-flow wp-block-column-is-layout-flow\">\n<div class=\"wp-block-group is-layout-flow wp-block-group-is-layout-flow\" style=\"border-top-color:var(--wp--preset--color--accent-6);border-top-width:1px;padding-top:var(--wp--preset--spacing--30);padding-bottom:var(--wp--preset--spacing--30)\">\n<h3 class=\"wp-block-heading\">Quand est-ce que le livre \u00ab&nbsp;Histoires&nbsp;\u00bb sortira&nbsp;?<\/h3>\n\n\n\n<p>Cette magnifique compilation pr\u00e9sente un \u00e9ventail diversifi\u00e9 de photographies qui capturent l\u2019essence de diff\u00e9rentes \u00e9poques et cultures, refl\u00e9tant les styles et perspectives uniques de chaque artiste.<\/p>\n<\/div>\n<\/div>\n\n\n\n<div class=\"wp-block-column is-layout-flow wp-block-column-is-layout-flow\">\n<div class=\"wp-block-group is-layout-flow wp-block-group-is-layout-flow\" style=\"border-top-color:var(--wp--preset--color--accent-6);border-top-width:1px;padding-top:var(--wp--preset--spacing--30);padding-bottom:var(--wp--preset--spacing--30)\">\n<h3 class=\"wp-block-heading\">Est-ce que des versions d\u00e9dicac\u00e9es sont disponibles&nbsp;?<\/h3>\n\n\n\n<p>Cette magnifique compilation pr\u00e9sente un \u00e9ventail diversifi\u00e9 de photographies qui capturent l\u2019essence de diff\u00e9rentes \u00e9poques et cultures, refl\u00e9tant les styles et perspectives uniques de chaque artiste.<\/p>\n<\/div>\n<\/div>\n<\/div>\n<\/div>\n<\/div>\n\n\n\n<aside class=\"wp-block-group alignfull is-style-section-3 is-layout-constrained wp-container-core-group-is-layout-f0f2a97b wp-block-group-is-layout-constrained\" style=\"margin-top:0;margin-bottom:0;padding-top:var(--wp--preset--spacing--50);padding-right:var(--wp--preset--spacing--50);padding-bottom:var(--wp--preset--spacing--50);padding-left:var(--wp--preset--spacing--50)\">\n<div class=\"wp-block-group is-vertical is-content-justification-center is-layout-flex wp-container-core-group-is-layout-8778ca4a wp-block-group-is-layout-flex\" style=\"min-height:360px;margin-top:0;margin-bottom:0\">\n<h2 class=\"wp-block-heading has-text-align-center has-xx-large-font-size\">Inscrivez-vous pour recevoir des histoires quotidiennes<\/h2>\n\n\n\n<p class=\"has-text-align-center is-style-text-subtitle\">Acc\u00e9dez \u00e0 une collection soigneusement s\u00e9lectionn\u00e9e de moments dans le temps, avec des photographies d\u2019int\u00e9ret historique.<\/p>\n\n\n\n<div style=\"height:0px\" aria-hidden=\"true\" class=\"wp-block-spacer wp-container-content-62aae154\"><\/div>\n\n\n\n<div class=\"wp-block-buttons is-content-justification-center is-layout-flex wp-container-core-buttons-is-layout-a89b3969 wp-block-buttons-is-layout-flex\">\n<div class=\"wp-block-button\"><a class=\"wp-block-button__link has-text-align-center wp-element-button\">S\u2019abonner<\/a><\/div>\n<\/div>\n<\/div>\n<\/aside>\n","protected":false},"excerpt":{"rendered":"<p>&nbsp;Gagner avec succ\u00e8s &nbsp;facilement aux &nbsp;pronostics turfdom aux courses pmu quint\u00e9s, trios, coupl\u00e9s jeux simples 2sur4 multi Plat, Trot, Obstacles. &nbsp;Emporter&nbsp; les pronostics avec vous&nbsp; ou que vous soyez et sans perdre de temps&nbsp; en analyse, gr\u00e2ce \u00e0 l\u2019application TurfDom. TurfDom vous&nbsp; propose&nbsp; une nouvelle fa\u00e7on de jouer aux courses. L\u2019objectif est de vous d\u00e9montrer [&hellip;]<\/p>\n","protected":false},"author":2,"featured_media":0,"parent":0,"menu_order":1,"comment_status":"closed","ping_status":"closed","template":"","meta":{"zakra_page_container_layout":"customizer","zakra_page_sidebar_layout":"customizer","zakra_remove_content_margin":false,"zakra_sidebar":"customizer","zakra_transparent_header":"customizer","zakra_logo":0,"zakra_main_header_style":"default","zakra_menu_item_color":"","zakra_menu_item_hover_color":"","zakra_menu_item_active_color":"","zakra_menu_active_style":"","zakra_page_header":true,"footnotes":""},"class_list":["post-14","page","type-page","status-publish","hentry"],"_links":{"self":[{"href":"https:\/\/turfdom.fr\/index.php\/wp-json\/wp\/v2\/pages\/14","targetHints":{"allow":["GET"]}}],"collection":[{"href":"https:\/\/turfdom.fr\/index.php\/wp-json\/wp\/v2\/pages"}],"about":[{"href":"https:\/\/turfdom.fr\/index.php\/wp-json\/wp\/v2\/types\/page"}],"author":[{"embeddable":true,"href":"https:\/\/turfdom.fr\/index.php\/wp-json\/wp\/v2\/users\/2"}],"replies":[{"embeddable":true,"href":"https:\/\/turfdom.fr\/index.php\/wp-json\/wp\/v2\/comments?post=14"}],"version-history":[{"count":5,"href":"https:\/\/turfdom.fr\/index.php\/wp-json\/wp\/v2\/pages\/14\/revisions"}],"predecessor-version":[{"id":306,"href":"https:\/\/turfdom.fr\/index.php\/wp-json\/wp\/v2\/pages\/14\/revisions\/306"}],"wp:attachment":[{"href":"https:\/\/turfdom.fr\/index.php\/wp-json\/wp\/v2\/media?parent=14"}],"curies":[{"name":"wp","href":"https:\/\/api.w.org\/{rel}","templated":true}]}}