{"id":338,"date":"2026-01-24T03:18:12","date_gmt":"2026-01-24T03:18:12","guid":{"rendered":"https:\/\/turfdom.fr\/?page_id=338"},"modified":"2026-01-24T03:19:51","modified_gmt":"2026-01-24T03:19:51","slug":"a-propos","status":"publish","type":"page","link":"https:\/\/turfdom.fr\/index.php\/a-propos\/","title":{"rendered":"A Propos"},"content":{"rendered":"\n<div class=\"wp-block-media-text is-stacked-on-mobile is-image-fill-element\" style=\"grid-template-columns:53% auto\"><figure class=\"wp-block-media-text__media\"><img loading=\"lazy\" decoding=\"async\" width=\"1024\" height=\"576\" src=\"https:\/\/turfdom.fr\/wp-content\/uploads\/2026\/01\/Capture-decran-2025-01-04-181635-1024x576.png\" alt=\"\" class=\"wp-image-354 size-full\" style=\"object-position:45% 45%\" srcset=\"https:\/\/turfdom.fr\/wp-content\/uploads\/2026\/01\/Capture-decran-2025-01-04-181635-1024x576.png 1024w, https:\/\/turfdom.fr\/wp-content\/uploads\/2026\/01\/Capture-decran-2025-01-04-181635-300x169.png 300w, https:\/\/turfdom.fr\/wp-content\/uploads\/2026\/01\/Capture-decran-2025-01-04-181635-768x432.png 768w, https:\/\/turfdom.fr\/wp-content\/uploads\/2026\/01\/Capture-decran-2025-01-04-181635.png 1366w\" sizes=\"auto, (max-width: 1024px) 100vw, 1024px\" \/><\/figure><div class=\"wp-block-media-text__content\">\n<p><\/p>\n<\/div><\/div>\n\n\n\n<p>ceci  est  une texte<\/p>\n\n\n\n<div class=\"wp-block-media-text has-media-on-the-right is-stacked-on-mobile\"><div class=\"wp-block-media-text__content\">\n<p>un  test  deuxieme niveau<\/p>\n\n\n\n<h1 class=\"wp-block-heading\">Premier titre<\/h1>\n<\/div><figure class=\"wp-block-media-text__media\"><\/figure><\/div>\n\n\n\n<p>TurfDom vous&nbsp; propose&nbsp; une nouvelle fa\u00e7on de jouer aux courses.<\/p>\n\n\n\n<p>L\u2019objectif est de vous d\u00e9montrer que le site est s\u00fbr, \u00e9quitable et fiable, ce que vous v\u00e9rifierez par vous-m\u00eame. Sans pour cela&nbsp; vous ruinez.<\/p>\n\n\n\n<p>Je vous conseille de comparer les arriv\u00e9es avec les autres sites afin de juger&nbsp; par vous-m\u00eame de la fiabilit\u00e9 du site.<\/p>\n\n\n\n<p>Surtout n\u2019h\u00e9sitez pas \u00e0 comparer&nbsp; les cotes qui sont \u00e0 l\u2019arriv\u00e9e.<\/p>\n\n\n\n<p><strong>N\u2019oubliez surtout pas&nbsp;:<\/strong><strong>que les pauvres veulent toujours devenir riches<\/strong><\/p>\n\n\n\n<p><strong>&nbsp;&nbsp;&nbsp;&nbsp;&nbsp;&nbsp;&nbsp;&nbsp;&nbsp;&nbsp;&nbsp;&nbsp; Les riches encore plus riches<\/strong><\/p>\n\n\n\n<p>Sachant que les courses de chevaux restent qu\u2019un jeu.<\/p>\n\n\n\n<p><strong>ATTENTION! LE MONDE DES COURSES N\u2019EST PAS UNE SECONDE NATURE!<\/strong><br><strong>JOUER COMPORTE DES RISQUES:<\/strong><\/p>\n\n\n\n<p><strong>ISOLEMENT, D\u00c9PENDANCE, ENDETTEMENT, DANS CE TUNNEL\u2026<\/strong><br><br><strong>Appelez le 09 74 75 13 13<\/strong><\/p>\n\n\n\n<p><\/p>\n","protected":false},"excerpt":{"rendered":"<p>ceci est une texte un test deuxieme niveau Premier titre TurfDom vous&nbsp; propose&nbsp; une nouvelle fa\u00e7on de jouer aux courses. L\u2019objectif est de vous d\u00e9montrer que le site est s\u00fbr, \u00e9quitable et fiable, ce que vous v\u00e9rifierez par vous-m\u00eame. Sans pour cela&nbsp; vous ruinez. Je vous conseille de comparer les arriv\u00e9es avec les autres sites [&hellip;]<\/p>\n","protected":false},"author":2,"featured_media":0,"parent":0,"menu_order":0,"comment_status":"closed","ping_status":"closed","template":"","meta":{"zakra_page_container_layout":"customizer","zakra_page_sidebar_layout":"customizer","zakra_remove_content_margin":false,"zakra_sidebar":"customizer","zakra_transparent_header":"customizer","zakra_logo":0,"zakra_main_header_style":"default","zakra_menu_item_color":"","zakra_menu_item_hover_color":"","zakra_menu_item_active_color":"","zakra_menu_active_style":"","zakra_page_header":true,"footnotes":""},"class_list":["post-338","page","type-page","status-publish","hentry"],"_links":{"self":[{"href":"https:\/\/turfdom.fr\/index.php\/wp-json\/wp\/v2\/pages\/338","targetHints":{"allow":["GET"]}}],"collection":[{"href":"https:\/\/turfdom.fr\/index.php\/wp-json\/wp\/v2\/pages"}],"about":[{"href":"https:\/\/turfdom.fr\/index.php\/wp-json\/wp\/v2\/types\/page"}],"author":[{"embeddable":true,"href":"https:\/\/turfdom.fr\/index.php\/wp-json\/wp\/v2\/users\/2"}],"replies":[{"embeddable":true,"href":"https:\/\/turfdom.fr\/index.php\/wp-json\/wp\/v2\/comments?post=338"}],"version-history":[{"count":4,"href":"https:\/\/turfdom.fr\/index.php\/wp-json\/wp\/v2\/pages\/338\/revisions"}],"predecessor-version":[{"id":363,"href":"https:\/\/turfdom.fr\/index.php\/wp-json\/wp\/v2\/pages\/338\/revisions\/363"}],"wp:attachment":[{"href":"https:\/\/turfdom.fr\/index.php\/wp-json\/wp\/v2\/media?parent=338"}],"curies":[{"name":"wp","href":"https:\/\/api.w.org\/{rel}","templated":true}]}}