{"id":42,"date":"2026-01-02T02:09:54","date_gmt":"2026-01-02T02:09:54","guid":{"rendered":"https:\/\/turfdom.fr\/?page_id=42"},"modified":"2026-01-05T12:36:18","modified_gmt":"2026-01-05T12:36:18","slug":"resultats","status":"publish","type":"page","link":"https:\/\/turfdom.fr\/index.php\/resultats\/","title":{"rendered":"R\u00e9sultats"},"content":{"rendered":"\n<p><strong>RESULTATS&nbsp;:<\/strong><\/p>\n\n\n\n<h2 class=\"wp-block-heading\">Remplacer R\u00e9sultats propos\u00e9s par TurfDom.fr<\/h2>\n\n\n\n<p>Par&nbsp;:<\/p>\n\n\n\n<p><strong>R\u00e9sultats pronostics\u00a0 quint\u00e9, pmu, courses, turfdom<\/strong>.fr<\/p>\n\n\n\n<p>Les r\u00e9sultats quint\u00e9, r\u00e9sultats prix, r\u00e9sultats 2sur4, r\u00e9sultats pmu, hippodrome m\u00e9thode<\/p>\n\n\n\n<p>\u00c0 l\u2019issue de chaque course TurfDom.fr mettra en place les r\u00e9sultats quand celle-ci sera officielle.<\/p>\n\n\n\n<p>Sera afficher&nbsp;:<\/p>\n\n\n\n<p>-en couleur les num\u00e9ros correspondants aux pronostics donn\u00e9s<\/p>\n\n\n\n<p>-Le type de pari gagnez<\/p>\n\n\n\n<p>-Une simulation fictive du trio champ total par TurfDom.fr<\/p>\n\n\n\n<p><\/p>\n","protected":false},"excerpt":{"rendered":"<p>RESULTATS&nbsp;: Remplacer R\u00e9sultats propos\u00e9s par TurfDom.fr Par&nbsp;: R\u00e9sultats pronostics\u00a0 quint\u00e9, pmu, courses, turfdom.fr Les r\u00e9sultats quint\u00e9, r\u00e9sultats prix, r\u00e9sultats 2sur4, r\u00e9sultats pmu, hippodrome m\u00e9thode \u00c0 l\u2019issue de chaque course TurfDom.fr mettra en place les r\u00e9sultats quand celle-ci sera officielle. Sera afficher&nbsp;: -en couleur les num\u00e9ros correspondants aux pronostics donn\u00e9s -Le type de pari gagnez -Une [&hellip;]<\/p>\n","protected":false},"author":2,"featured_media":0,"parent":0,"menu_order":0,"comment_status":"closed","ping_status":"closed","template":"","meta":{"zakra_page_container_layout":"customizer","zakra_page_sidebar_layout":"customizer","zakra_remove_content_margin":false,"zakra_sidebar":"customizer","zakra_transparent_header":"customizer","zakra_logo":0,"zakra_main_header_style":"default","zakra_menu_item_color":"","zakra_menu_item_hover_color":"","zakra_menu_item_active_color":"","zakra_menu_active_style":"","zakra_page_header":true,"footnotes":""},"class_list":["post-42","page","type-page","status-publish","hentry"],"_links":{"self":[{"href":"https:\/\/turfdom.fr\/index.php\/wp-json\/wp\/v2\/pages\/42","targetHints":{"allow":["GET"]}}],"collection":[{"href":"https:\/\/turfdom.fr\/index.php\/wp-json\/wp\/v2\/pages"}],"about":[{"href":"https:\/\/turfdom.fr\/index.php\/wp-json\/wp\/v2\/types\/page"}],"author":[{"embeddable":true,"href":"https:\/\/turfdom.fr\/index.php\/wp-json\/wp\/v2\/users\/2"}],"replies":[{"embeddable":true,"href":"https:\/\/turfdom.fr\/index.php\/wp-json\/wp\/v2\/comments?post=42"}],"version-history":[{"count":2,"href":"https:\/\/turfdom.fr\/index.php\/wp-json\/wp\/v2\/pages\/42\/revisions"}],"predecessor-version":[{"id":110,"href":"https:\/\/turfdom.fr\/index.php\/wp-json\/wp\/v2\/pages\/42\/revisions\/110"}],"wp:attachment":[{"href":"https:\/\/turfdom.fr\/index.php\/wp-json\/wp\/v2\/media?parent=42"}],"curies":[{"name":"wp","href":"https:\/\/api.w.org\/{rel}","templated":true}]}}